{"id":1444,"date":"2022-02-02T10:21:47","date_gmt":"2022-02-02T10:21:47","guid":{"rendered":"https:\/\/puro-import.com\/wer-wir-sind"},"modified":"2025-10-22T13:40:23","modified_gmt":"2025-10-22T13:40:23","slug":"wer-wir-sind","status":"publish","type":"page","link":"https:\/\/puro-import.com\/de\/wer-wir-sind","title":{"rendered":"wer wir sind"},"content":{"rendered":"\t\t<div data-elementor-type=\"wp-page\" data-elementor-id=\"1444\" class=\"elementor elementor-1444 elementor-579\" data-elementor-post-type=\"page\">\n\t\t\t\t\t\t<div class=\"elementor-section elementor-top-section elementor-element elementor-element-e1936ff elementor-section-full_width elementor-section-height-min-height elementor-section-items-stretch elementor-section-height-default\" data-id=\"e1936ff\" data-element_type=\"section\" data-e-type=\"section\">\n\t\t\t\t\t\t<div class=\"elementor-container elementor-column-gap-default\">\n\t\t\t\t\t<div class=\"elementor-column elementor-col-100 elementor-top-column elementor-element elementor-element-f1053ce\" data-id=\"f1053ce\" data-element_type=\"column\" data-e-type=\"column\" data-settings=\"{&quot;background_background&quot;:&quot;classic&quot;}\">\n\t\t\t<div class=\"elementor-widget-wrap elementor-element-populated\">\n\t\t\t\t\t\t<div class=\"elementor-element elementor-element-4f19aab elementor-widget__width-initial elementor-absolute elementor-widget elementor-widget-image\" data-id=\"4f19aab\" data-element_type=\"widget\" data-e-type=\"widget\" data-settings=\"{&quot;_position&quot;:&quot;absolute&quot;}\" data-widget_type=\"image.default\">\n\t\t\t\t<div class=\"elementor-widget-container\">\n\t\t\t\t\t\t\t\t\t\t\t\t\t\t\t<img fetchpriority=\"high\" decoding=\"async\" width=\"724\" height=\"177\" src=\"https:\/\/puro-import.com\/wp-content\/uploads\/2022\/02\/zucchina-flower-left-1-e1644592405924.png\" class=\"attachment-full size-full wp-image-1213\" alt=\"\" \/>\t\t\t\t\t\t\t\t\t\t\t\t\t\t\t<\/div>\n\t\t\t\t<\/div>\n\t\t\t\t<div class=\"elementor-element elementor-element-c092a6f elementor-absolute elementor-widget elementor-widget-image\" data-id=\"c092a6f\" data-element_type=\"widget\" data-e-type=\"widget\" data-settings=\"{&quot;_position&quot;:&quot;absolute&quot;}\" data-widget_type=\"image.default\">\n\t\t\t\t<div class=\"elementor-widget-container\">\n\t\t\t\t\t\t\t\t\t\t\t\t\t\t\t<img decoding=\"async\" width=\"640\" height=\"364\" src=\"https:\/\/puro-import.com\/wp-content\/uploads\/2022\/02\/zucchina-flower-2-min.png\" class=\"attachment-full size-full wp-image-1370\" alt=\"\" srcset=\"https:\/\/puro-import.com\/wp-content\/uploads\/2022\/02\/zucchina-flower-2-min.png 640w, https:\/\/puro-import.com\/wp-content\/uploads\/2022\/02\/zucchina-flower-2-min-300x171.png 300w, https:\/\/puro-import.com\/wp-content\/uploads\/2022\/02\/zucchina-flower-2-min-600x341.png 600w\" sizes=\"(max-width: 640px) 100vw, 640px\" \/>\t\t\t\t\t\t\t\t\t\t\t\t\t\t\t<\/div>\n\t\t\t\t<\/div>\n\t\t\t\t<section class=\"elementor-section elementor-inner-section elementor-element elementor-element-fc082ce elementor-section-boxed elementor-section-height-default elementor-section-height-default\" data-id=\"fc082ce\" data-element_type=\"section\" data-e-type=\"section\">\n\t\t\t\t\t\t<div class=\"elementor-container elementor-column-gap-default\">\n\t\t\t\t\t<div class=\"elementor-column elementor-col-100 elementor-inner-column elementor-element elementor-element-bbda830\" data-id=\"bbda830\" data-element_type=\"column\" data-e-type=\"column\">\n\t\t\t<div class=\"elementor-widget-wrap elementor-element-populated\">\n\t\t\t\t\t\t<div class=\"elementor-element elementor-element-bdc027f elementor-widget elementor-widget-heading\" data-id=\"bdc027f\" data-element_type=\"widget\" data-e-type=\"widget\" data-widget_type=\"heading.default\">\n\t\t\t\t<div class=\"elementor-widget-container\">\n\t\t\t\t\t<h2 class=\"elementor-heading-title elementor-size-default\">WER WIR SIND<\/h2>\t\t\t\t<\/div>\n\t\t\t\t<\/div>\n\t\t\t\t<div class=\"elementor-element elementor-element-dba8a9b elementor-widget elementor-widget-text-editor\" data-id=\"dba8a9b\" data-element_type=\"widget\" data-e-type=\"widget\" data-widget_type=\"text-editor.default\">\n\t\t\t\t<div class=\"elementor-widget-container\">\n\t\t\t\t\t\t\t\t\t<p>&#8222;Billiges Essen ist eine Illusion, es gibt es nicht. Am Ende wird der wahre Preis f\u00fcr Lebensmittel irgendwo bezahlt. Und wenn wir es nicht an der Kasse bezahlen, zahlt die Umwelt daf\u00fcr. Und unsere Gesundheit.\u201c<\/p>\n\t\t\t\t\t\t\t\t<\/div>\n\t\t\t\t<\/div>\n\t\t\t\t<div class=\"elementor-element elementor-element-39641eb elementor-widget elementor-widget-button\" data-id=\"39641eb\" data-element_type=\"widget\" data-e-type=\"widget\" data-widget_type=\"button.default\">\n\t\t\t\t<div class=\"elementor-widget-container\">\n\t\t\t\t\t\t\t\t\t<div class=\"elementor-button-wrapper\">\n\t\t\t\t\t<a class=\"elementor-button elementor-button-link elementor-size-sm elementor-animation-float\" href=\"#section-2\">\n\t\t\t\t\t\t<span class=\"elementor-button-content-wrapper\">\n\t\t\t\t\t\t<span class=\"elementor-button-icon\">\n\t\t\t\t<i aria-hidden=\"true\" class=\"fas fa-chevron-right\"><\/i>\t\t\t<\/span>\n\t\t\t\t\t\t\t\t\t<span class=\"elementor-button-text\">Erfahre mehr<\/span>\n\t\t\t\t\t<\/span>\n\t\t\t\t\t<\/a>\n\t\t\t\t<\/div>\n\t\t\t\t\t\t\t\t<\/div>\n\t\t\t\t<\/div>\n\t\t\t\t\t<\/div>\n\t\t<\/div>\n\t\t\t\t\t<\/div>\n\t\t<\/section>\n\t\t\t\t\t<\/div>\n\t\t<\/div>\n\t\t\t\t\t<\/div>\n\t\t<\/div>\n\t\t\t\t<section class=\"elementor-section elementor-top-section elementor-element elementor-element-6740b06 elementor-section-content-middle elementor-reverse-mobile elementor-section-boxed elementor-section-height-default elementor-section-height-default\" data-id=\"6740b06\" data-element_type=\"section\" data-e-type=\"section\" id=\"section-2\">\n\t\t\t\t\t\t<div class=\"elementor-container elementor-column-gap-wide\">\n\t\t\t\t\t<div class=\"elementor-column elementor-col-50 elementor-top-column elementor-element elementor-element-15d8308\" data-id=\"15d8308\" data-element_type=\"column\" data-e-type=\"column\">\n\t\t\t<div class=\"elementor-widget-wrap elementor-element-populated\">\n\t\t\t\t\t\t<div class=\"elementor-element elementor-element-d3f1274 elementor-widget elementor-widget-image\" data-id=\"d3f1274\" data-element_type=\"widget\" data-e-type=\"widget\" data-widget_type=\"image.default\">\n\t\t\t\t<div class=\"elementor-widget-container\">\n\t\t\t\t\t\t\t\t\t\t\t\t\t\t\t<img decoding=\"async\" width=\"784\" height=\"471\" src=\"https:\/\/puro-import.com\/wp-content\/uploads\/2022\/02\/Puro_Vinz-Pietro13-1.png\" class=\"attachment-large size-large wp-image-716\" alt=\"\" srcset=\"https:\/\/puro-import.com\/wp-content\/uploads\/2022\/02\/Puro_Vinz-Pietro13-1.png 784w, https:\/\/puro-import.com\/wp-content\/uploads\/2022\/02\/Puro_Vinz-Pietro13-1-300x180.png 300w, https:\/\/puro-import.com\/wp-content\/uploads\/2022\/02\/Puro_Vinz-Pietro13-1-768x461.png 768w, https:\/\/puro-import.com\/wp-content\/uploads\/2022\/02\/Puro_Vinz-Pietro13-1-600x360.png 600w\" sizes=\"(max-width: 784px) 100vw, 784px\" \/>\t\t\t\t\t\t\t\t\t\t\t\t\t\t\t<\/div>\n\t\t\t\t<\/div>\n\t\t\t\t\t<\/div>\n\t\t<\/div>\n\t\t\t\t<div class=\"elementor-column elementor-col-50 elementor-top-column elementor-element elementor-element-c4112c2\" data-id=\"c4112c2\" data-element_type=\"column\" data-e-type=\"column\">\n\t\t\t<div class=\"elementor-widget-wrap elementor-element-populated\">\n\t\t\t\t\t\t<div class=\"elementor-element elementor-element-75d82bc elementor-widget elementor-widget-text-editor\" data-id=\"75d82bc\" data-element_type=\"widget\" data-e-type=\"widget\" data-settings=\"{&quot;sticky&quot;:&quot;top&quot;,&quot;sticky_on&quot;:[&quot;desktop&quot;],&quot;sticky_offset&quot;:80,&quot;sticky_parent&quot;:&quot;yes&quot;,&quot;sticky_effects_offset&quot;:0,&quot;sticky_anchor_link_offset&quot;:0}\" data-widget_type=\"text-editor.default\">\n\t\t\t\t<div class=\"elementor-widget-container\">\n\t\t\t\t\t\t\t\t\t<p>Unsere Reise begann 2016, als wir, Pietro Nicotra und Vincenzo Costanza, das Projekt &#8222;Siziliessen&#8220; gr\u00fcndeten &#8211; ein kleines, unabh\u00e4ngiges Unternehmen, das sich auf hochwertige Produkte aus Sizilien konzentriert und in der Gro\u00dfhandelsszene von Berlin und Brandenburg t\u00e4tig ist. Im Laufe der Zeit wuchs unsere Produktpalette und der Kreis der Produzenten und Partner, mit denen wir zusammenarbeiten, \u00fcber Sizilien hinaus &#8211; heute repr\u00e4sentieren wir alle italienischen Regionen. So haben wir uns entschlossen, ein neues Kapitel dieser &#8211; bisher &#8211; erstaunlichen Reise aufzuschlagen und es &#8222;PURO&#8220; zu nennen.<\/p>\n\t\t\t\t\t\t\t\t<\/div>\n\t\t\t\t<\/div>\n\t\t\t\t\t<\/div>\n\t\t<\/div>\n\t\t\t\t\t<\/div>\n\t\t<\/section>\n\t\t\t\t<section class=\"elementor-section elementor-top-section elementor-element elementor-element-8740547 elementor-section-height-min-height elementor-section-items-stretch elementor-section-content-middle elementor-reverse-tablet elementor-reverse-mobile elementor-section-boxed elementor-section-height-default\" data-id=\"8740547\" data-element_type=\"section\" data-e-type=\"section\">\n\t\t\t\t\t\t<div class=\"elementor-container elementor-column-gap-wide\">\n\t\t\t\t\t<div class=\"elementor-column elementor-col-50 elementor-top-column elementor-element elementor-element-9591595\" data-id=\"9591595\" data-element_type=\"column\" data-e-type=\"column\">\n\t\t\t<div class=\"elementor-widget-wrap elementor-element-populated\">\n\t\t\t\t\t\t<div class=\"elementor-element elementor-element-c7373f6 elementor-widget elementor-widget-text-editor\" data-id=\"c7373f6\" data-element_type=\"widget\" data-e-type=\"widget\" data-widget_type=\"text-editor.default\">\n\t\t\t\t<div class=\"elementor-widget-container\">\n\t\t\t\t\t\t\t\t\t<p>Der Name PURO war schnell gefunden &#8211; er steht f\u00fcr unsere Philosophie und Vision: pure und transparent wie unsere Beziehungen zu Landwirten, Erzeugern und Kunden; pure und hochwertig wie unsere Produkte.<\/p>\n\t\t\t\t\t\t\t\t<\/div>\n\t\t\t\t<\/div>\n\t\t\t\t<div class=\"elementor-element elementor-element-aaefee8 elementor-widget elementor-widget-text-editor\" data-id=\"aaefee8\" data-element_type=\"widget\" data-e-type=\"widget\" data-widget_type=\"text-editor.default\">\n\t\t\t\t<div class=\"elementor-widget-container\">\n\t\t\t\t\t\t\t\t\t<p>Von Anfang an war es unser Ziel, kleine Produzenten aktiv zu unterst\u00fctzen &#8211; Menschen, die sich f\u00fcr eine Abl\u00f6sung der industriellen Massenproduktion durch nachhaltige und ethische Alternativen stark machen, sowie Aktivist:innen die f\u00fcr einen respektvollen und kreislauforientierten Umgang mit Natur und Tieren pflegen. Wir w\u00e4hlen Partner, die \u00fcber Industriestandards und Bio-Zertifizierung hinausgehen, indem sie sich auf eine chemiefreie Produktion konzentrieren und Jahr f\u00fcr Jahr die Auswirkungen des Klimawandels verringern. Das ist es, was wir mit ihnen gemeinsam haben, abgesehen von unserer Liebe zu gutem Essen.<\/p>\n\t\t\t\t\t\t\t\t<\/div>\n\t\t\t\t<\/div>\n\t\t\t\t\t<\/div>\n\t\t<\/div>\n\t\t\t\t<div class=\"elementor-column elementor-col-50 elementor-top-column elementor-element elementor-element-48b9cdc\" data-id=\"48b9cdc\" data-element_type=\"column\" data-e-type=\"column\">\n\t\t\t<div class=\"elementor-widget-wrap elementor-element-populated\">\n\t\t\t\t\t\t<div class=\"elementor-element elementor-element-e8c6d56 elementor-widget__width-auto elementor-widget elementor-widget-image\" data-id=\"e8c6d56\" data-element_type=\"widget\" data-e-type=\"widget\" data-widget_type=\"image.default\">\n\t\t\t\t<div class=\"elementor-widget-container\">\n\t\t\t\t\t\t\t\t\t\t\t\t\t\t\t<img loading=\"lazy\" decoding=\"async\" width=\"280\" height=\"280\" src=\"https:\/\/puro-import.com\/wp-content\/uploads\/2022\/02\/logo-q.png\" class=\"attachment-large size-large wp-image-822\" alt=\"\" srcset=\"https:\/\/puro-import.com\/wp-content\/uploads\/2022\/02\/logo-q.png 280w, https:\/\/puro-import.com\/wp-content\/uploads\/2022\/02\/logo-q-150x150.png 150w, https:\/\/puro-import.com\/wp-content\/uploads\/2022\/02\/logo-q-100x100.png 100w\" sizes=\"(max-width: 280px) 100vw, 280px\" \/>\t\t\t\t\t\t\t\t\t\t\t\t\t\t\t<\/div>\n\t\t\t\t<\/div>\n\t\t\t\t\t<\/div>\n\t\t<\/div>\n\t\t\t\t\t<\/div>\n\t\t<\/section>\n\t\t\t\t<section class=\"elementor-section elementor-top-section elementor-element elementor-element-56ee518 elementor-section-content-middle elementor-section-boxed elementor-section-height-default elementor-section-height-default\" data-id=\"56ee518\" data-element_type=\"section\" data-e-type=\"section\">\n\t\t\t\t\t\t<div class=\"elementor-container elementor-column-gap-default\">\n\t\t\t\t\t<div class=\"elementor-column elementor-col-50 elementor-top-column elementor-element elementor-element-d31b008\" data-id=\"d31b008\" data-element_type=\"column\" data-e-type=\"column\">\n\t\t\t<div class=\"elementor-widget-wrap elementor-element-populated\">\n\t\t\t\t\t\t<div class=\"elementor-element elementor-element-0602656 elementor-widget__width-initial elementor-absolute elementor-widget elementor-widget-image\" data-id=\"0602656\" data-element_type=\"widget\" data-e-type=\"widget\" data-settings=\"{&quot;_position&quot;:&quot;absolute&quot;}\" data-widget_type=\"image.default\">\n\t\t\t\t<div class=\"elementor-widget-container\">\n\t\t\t\t\t\t\t\t\t\t\t\t\t\t\t<img loading=\"lazy\" decoding=\"async\" width=\"851\" height=\"1024\" src=\"https:\/\/puro-import.com\/wp-content\/uploads\/2022\/01\/carciofo-851x1024.png\" class=\"attachment-large size-large wp-image-544\" alt=\"\" srcset=\"https:\/\/puro-import.com\/wp-content\/uploads\/2022\/01\/carciofo-851x1024.png 851w, https:\/\/puro-import.com\/wp-content\/uploads\/2022\/01\/carciofo-600x722.png 600w, https:\/\/puro-import.com\/wp-content\/uploads\/2022\/01\/carciofo-249x300.png 249w, https:\/\/puro-import.com\/wp-content\/uploads\/2022\/01\/carciofo-768x924.png 768w, https:\/\/puro-import.com\/wp-content\/uploads\/2022\/01\/carciofo.png 1007w\" sizes=\"(max-width: 851px) 100vw, 851px\" \/>\t\t\t\t\t\t\t\t\t\t\t\t\t\t\t<\/div>\n\t\t\t\t<\/div>\n\t\t\t\t<div class=\"elementor-element elementor-element-c6dda8d elementor-widget elementor-widget-image\" data-id=\"c6dda8d\" data-element_type=\"widget\" data-e-type=\"widget\" data-widget_type=\"image.default\">\n\t\t\t\t<div class=\"elementor-widget-container\">\n\t\t\t\t\t\t\t\t\t\t\t\t\t\t\t<img loading=\"lazy\" decoding=\"async\" width=\"783\" height=\"471\" src=\"https:\/\/puro-import.com\/wp-content\/uploads\/2022\/02\/Session-1_68-1.png\" class=\"attachment-large size-large wp-image-735\" alt=\"\" srcset=\"https:\/\/puro-import.com\/wp-content\/uploads\/2022\/02\/Session-1_68-1.png 783w, https:\/\/puro-import.com\/wp-content\/uploads\/2022\/02\/Session-1_68-1-300x180.png 300w, https:\/\/puro-import.com\/wp-content\/uploads\/2022\/02\/Session-1_68-1-768x462.png 768w, https:\/\/puro-import.com\/wp-content\/uploads\/2022\/02\/Session-1_68-1-600x361.png 600w\" sizes=\"(max-width: 783px) 100vw, 783px\" \/>\t\t\t\t\t\t\t\t\t\t\t\t\t\t\t<\/div>\n\t\t\t\t<\/div>\n\t\t\t\t\t<\/div>\n\t\t<\/div>\n\t\t\t\t<div class=\"elementor-column elementor-col-50 elementor-top-column elementor-element elementor-element-b1aae07\" data-id=\"b1aae07\" data-element_type=\"column\" data-e-type=\"column\">\n\t\t\t<div class=\"elementor-widget-wrap elementor-element-populated\">\n\t\t\t\t\t\t<div class=\"elementor-element elementor-element-ad19434 elementor-widget elementor-widget-text-editor\" data-id=\"ad19434\" data-element_type=\"widget\" data-e-type=\"widget\" data-widget_type=\"text-editor.default\">\n\t\t\t\t<div class=\"elementor-widget-container\">\n\t\t\t\t\t\t\t\t\t<p>Aufgrund unserer Erfahrungen in der Vergangenheit &#8211; aber auch heutzutage &#8211; haben wir starke Partnerschaften mit Unternehmen aufgebaut, mit denen wir direkt zusammenarbeiten und jede einzelne Person kennen, die hinter jedem Produkt steht &#8211; Menschen, denen wir vertrauen und die wir sehr professionell und inspirierend finden.<\/p>\n\t\t\t\t\t\t\t\t<\/div>\n\t\t\t\t<\/div>\n\t\t\t\t<div class=\"elementor-element elementor-element-5ce62af elementor-widget elementor-widget-text-editor\" data-id=\"5ce62af\" data-element_type=\"widget\" data-e-type=\"widget\" data-widget_type=\"text-editor.default\">\n\t\t\t\t<div class=\"elementor-widget-container\">\n\t\t\t\t\t\t\t\t\t<p>Heute bietet PURO einen au\u00dfergew\u00f6hnlichen professionellen Service und Flexibilit\u00e4t f\u00fcr alle Unternehmen, die in der Gastronomie arbeiten, wie z.B. Restaurants, Pizzerien, Caf\u00e9s und B\u00e4ckereien, Eisdielen, Manufakturen, Feinkostl\u00e4den und Lebensmittelgesch\u00e4fte und vieles mehr.<\/p>\n\t\t\t\t\t\t\t\t<\/div>\n\t\t\t\t<\/div>\n\t\t\t\t\t<\/div>\n\t\t<\/div>\n\t\t\t\t\t<\/div>\n\t\t<\/section>\n\t\t\t\t<\/div>\n\t\t","protected":false},"excerpt":{"rendered":"<p>WER WIR SIND &#8222;Billiges Essen ist eine Illusion, es gibt es nicht. Am Ende wird der wahre Preis f\u00fcr Lebensmittel irgendwo bezahlt. Und wenn wir es nicht an der Kasse bezahlen, zahlt die Umwelt daf\u00fcr. Und unsere Gesundheit.\u201c Erfahre mehr Unsere Reise begann 2016, als wir, Pietro Nicotra und Vincenzo Costanza, das Projekt &#8222;Siziliessen&#8220; gr\u00fcndeten [&hellip;]<\/p>\n","protected":false},"author":1,"featured_media":0,"parent":0,"menu_order":0,"comment_status":"closed","ping_status":"closed","template":"","meta":{"site-sidebar-layout":"no-sidebar","site-content-layout":"page-builder","ast-site-content-layout":"","site-content-style":"default","site-sidebar-style":"default","ast-global-header-display":"","ast-banner-title-visibility":"","ast-main-header-display":"","ast-hfb-above-header-display":"","ast-hfb-below-header-display":"","ast-hfb-mobile-header-display":"","site-post-title":"disabled","ast-breadcrumbs-content":"","ast-featured-img":"disabled","footer-sml-layout":"","theme-transparent-header-meta":"","adv-header-id-meta":"","stick-header-meta":"","header-above-stick-meta":"","header-main-stick-meta":"","header-below-stick-meta":"","astra-migrate-meta-layouts":"default","ast-page-background-enabled":"default","ast-page-background-meta":{"desktop":{"background-color":"var(--ast-global-color-4)","background-image":"","background-repeat":"repeat","background-position":"center center","background-size":"auto","background-attachment":"scroll","background-type":"","background-media":"","overlay-type":"","overlay-color":"","overlay-gradient":""},"tablet":{"background-color":"","background-image":"","background-repeat":"repeat","background-position":"center center","background-size":"auto","background-attachment":"scroll","background-type":"","background-media":"","overlay-type":"","overlay-color":"","overlay-gradient":""},"mobile":{"background-color":"","background-image":"","background-repeat":"repeat","background-position":"center center","background-size":"auto","background-attachment":"scroll","background-type":"","background-media":"","overlay-type":"","overlay-color":"","overlay-gradient":""}},"ast-content-background-meta":{"desktop":{"background-color":"var(--ast-global-color-5)","background-image":"","background-repeat":"repeat","background-position":"center center","background-size":"auto","background-attachment":"scroll","background-type":"","background-media":"","overlay-type":"","overlay-color":"","overlay-gradient":""},"tablet":{"background-color":"var(--ast-global-color-5)","background-image":"","background-repeat":"repeat","background-position":"center center","background-size":"auto","background-attachment":"scroll","background-type":"","background-media":"","overlay-type":"","overlay-color":"","overlay-gradient":""},"mobile":{"background-color":"var(--ast-global-color-5)","background-image":"","background-repeat":"repeat","background-position":"center center","background-size":"auto","background-attachment":"scroll","background-type":"","background-media":"","overlay-type":"","overlay-color":"","overlay-gradient":""}},"footnotes":""},"class_list":["post-1444","page","type-page","status-publish","hentry"],"_links":{"self":[{"href":"https:\/\/puro-import.com\/de\/wp-json\/wp\/v2\/pages\/1444","targetHints":{"allow":["GET"]}}],"collection":[{"href":"https:\/\/puro-import.com\/de\/wp-json\/wp\/v2\/pages"}],"about":[{"href":"https:\/\/puro-import.com\/de\/wp-json\/wp\/v2\/types\/page"}],"author":[{"embeddable":true,"href":"https:\/\/puro-import.com\/de\/wp-json\/wp\/v2\/users\/1"}],"replies":[{"embeddable":true,"href":"https:\/\/puro-import.com\/de\/wp-json\/wp\/v2\/comments?post=1444"}],"version-history":[{"count":9,"href":"https:\/\/puro-import.com\/de\/wp-json\/wp\/v2\/pages\/1444\/revisions"}],"predecessor-version":[{"id":15969,"href":"https:\/\/puro-import.com\/de\/wp-json\/wp\/v2\/pages\/1444\/revisions\/15969"}],"wp:attachment":[{"href":"https:\/\/puro-import.com\/de\/wp-json\/wp\/v2\/media?parent=1444"}],"curies":[{"name":"wp","href":"https:\/\/api.w.org\/{rel}","templated":true}]}}